{"id":7000,"date":"2015-12-15T07:37:33","date_gmt":"2015-12-15T07:37:33","guid":{"rendered":"http:\/\/consulting.loc\/?page_id=9"},"modified":"2021-08-25T20:01:49","modified_gmt":"2021-08-25T20:01:49","slug":"company-overview","status":"publish","type":"page","link":"https:\/\/geccbc.org\/?page_id=7000","title":{"rendered":"Qu\u00e9 es nuestra organizaci\u00f3n"},"content":{"rendered":"\t\t<div data-elementor-type=\"wp-page\" data-elementor-id=\"7000\" class=\"elementor elementor-7000\">\n\t\t\t\t\t\t<section class=\"elementor-section elementor-top-section elementor-element elementor-element-dbc41bb elementor-section-boxed elementor-section-height-default elementor-section-height-default\" data-id=\"dbc41bb\" data-element_type=\"section\" data-e-type=\"section\" data-settings=\"{&quot;background_background&quot;:&quot;classic&quot;}\">\n\t\t\t\t\t\t<div class=\"elementor-container elementor-column-gap-default\">\n\t\t\t\t\t<div class=\"elementor-column elementor-col-100 elementor-top-column elementor-element elementor-element-dbc46e4\" data-id=\"dbc46e4\" data-element_type=\"column\" data-e-type=\"column\">\n\t\t\t<div class=\"elementor-widget-wrap elementor-element-populated\">\n\t\t\t\t\t\t<div class=\"elementor-element elementor-element-dbc4c44 elementor-widget elementor-widget-text-editor\" data-id=\"dbc4c44\" data-element_type=\"widget\" data-e-type=\"widget\" data-widget_type=\"text-editor.default\">\n\t\t\t\t<div class=\"elementor-widget-container\">\n\t\t\t\t\t\t\t\t\t<h2><strong>\u00bfQu\u00e9 es nuestra organizaci\u00f3n?\u00a0<\/strong><\/h2>\n<p>\u00a0<\/p>\n<p><img fetchpriority=\"high\" decoding=\"async\" class=\"alignnone wp-image-7283 size-full\" src=\"http:\/\/geccbc.org\/wp-content\/uploads\/2021\/08\/tijuanita.jpg\" alt=\"\" width=\"1057\" height=\"524\" srcset=\"https:\/\/geccbc.org\/wp-content\/uploads\/2021\/08\/tijuanita.jpg 1057w, https:\/\/geccbc.org\/wp-content\/uploads\/2021\/08\/tijuanita-300x149.jpg 300w, https:\/\/geccbc.org\/wp-content\/uploads\/2021\/08\/tijuanita-1024x508.jpg 1024w, https:\/\/geccbc.org\/wp-content\/uploads\/2021\/08\/tijuanita-768x381.jpg 768w, https:\/\/geccbc.org\/wp-content\/uploads\/2021\/08\/tijuanita-900x446.jpg 900w, https:\/\/geccbc.org\/wp-content\/uploads\/2021\/08\/tijuanita-600x297.jpg 600w\" sizes=\"(max-width: 1057px) 100vw, 1057px\" \/><\/p>\n<p>\u00a0<\/p>\n<p><span style=\"font-weight: 400;\">Somos una Asociaci\u00f3n Civil, sin fines de lucro.\u00a0<\/span><\/p>\n<p><span style=\"font-weight: 400;\">Como iniciativa de la sociedad civil se constituye con el objetivo de apoyar en lo posible, a convertir las ciudades de Baja California en <\/span><b>Ciudades del conocimiento<\/b><span style=\"font-weight: 400;\">.\u00a0<\/span><\/p>\n<p><b>Creemos que juntos podemos construir nuestro futuro, el cual\u00a0 no es nada alentador, sin una conversi\u00f3n de las ciudades de Baja California en Sociedades del Conocimiento.<\/b><\/p>\n<p><b>Puede parecer dif\u00edcil\u00a0 lograr el principal prop\u00f3sito de nuestra organizaci\u00f3n, sin embargo, debe considerarse que sin ideales no se llega a ning\u00fan lado.<\/b><\/p>\n<p><span style=\"font-weight: 400;\">Estamos convencidos de que ante todo, el punto de partida hacia una Ciudad del Conocimiento es la conversi\u00f3n de sus habitantes, al menos un n\u00famero representativo de ellos, que ejerzan liderazgo, comenzando con los que fundamos esta organizaci\u00f3n, y todos los que crean en sus objetivos y se incorporen a ella, la consigna es ser ciudadanos comprometidos con la Ciudad del Conocimiento lo cual implica:<\/span><\/p>\n<ul>\n<li style=\"font-weight: 400;\" aria-level=\"1\"><span style=\"font-weight: 400;\">Ser ciudadanos comprometidos con su sociedad.<\/span><\/li>\n<li style=\"font-weight: 400;\" aria-level=\"1\"><span style=\"font-weight: 400;\">Compromiso con la superaci\u00f3n personal integral.<\/span><\/li>\n<li style=\"font-weight: 400;\" aria-level=\"1\"><span style=\"font-weight: 400;\">Ser aprendices de por vida.<\/span><\/li>\n<li style=\"font-weight: 400;\" aria-level=\"1\"><span style=\"font-weight: 400;\">La mejora continua es parte esencial de nuestra forma de ser, en lo individual y como organizaci\u00f3n.\u00a0<\/span><\/li>\n<\/ul>\n<p><b>Integraremos al mayor n\u00famero posible de j\u00f3venes al proyecto, de tal forma que ellos empiecen a impulsar la cultura del aprendizaje continuo.\u00a0<\/b><\/p>\n<p><span style=\"font-weight: 400;\">La posici\u00f3n geogr\u00e1fica de BC, su equipamiento, totalmente <\/span><i><span style=\"font-weight: 400;\">rodeado<\/span><\/i><span style=\"font-weight: 400;\"> de mar, \u00a0 su frontera con EEUU, directamente con su estado m\u00e1s rico y poblado, su poblaci\u00f3n mayormente de j\u00f3venes,\u00a0 entre otros aspectos positivos, deben impulsar a que\u00a0 sus 7 municipios, cada uno con sus capacidades, a <\/span><b>estructurarse en un modelo de desarrollo integral, de promoci\u00f3n econ\u00f3mica e innovaci\u00f3n tecnol\u00f3gica,<\/b><span style=\"font-weight: 400;\"> para ello es necesario hacerlo sobre las bases s\u00f3lidas que solo las sociedades del conocimiento pueden proporcionar.<\/span><\/p>\n<p><span style=\"font-weight: 400;\">\u00a0Siendo esto el punto de partida y\u00a0 su raz\u00f3n de ser de: <\/span><b>Ciudades del Conocimiento Baja California<\/b> <b>AC,<\/b><span style=\"font-weight: 400;\"> que nace como iniciativa ciudadana.\u00a0\u00a0<\/span><\/p>\n<p><span style=\"font-weight: 400;\">El estado necesita disponer de una normativa para cada municipio, moderna, integral y f\u00e1cil de aplicar, capaz de regular e impulsar los procesos de cambio necesarios, basados y en torno al conocimiento: <\/span><b>Ciencia, tecnolog\u00eda e innovaci\u00f3n<\/b><span style=\"font-weight: 400;\">, <\/span><span style=\"font-weight: 400;\">para aprovechar sus ventajas estrat\u00e9gicas, impulsando el desarrollo equilibrado de sus municipios. Con una visi\u00f3n de integraci\u00f3n y simplificaci\u00f3n, al mismo tiempo que se desarrolle una gesti\u00f3n de promoci\u00f3n y posicionamiento que permita la inserci\u00f3n de sus ciudades, en los ejes del desarrollo internacional.\u00a0<\/span><\/p>\n\t\t\t\t\t\t\t\t<\/div>\n\t\t\t\t<\/div>\n\t\t\t\t<div class=\"elementor-element elementor-element-dbc4eb2 elementor-widget elementor-widget-text-editor\" data-id=\"dbc4eb2\" data-element_type=\"widget\" data-e-type=\"widget\" data-widget_type=\"text-editor.default\">\n\t\t\t\t<div class=\"elementor-widget-container\">\n\t\t\t\t\t\t\t\t\t<blockquote>\n<p><b>Nuestra Misi\u00f3n<\/b><\/p>\n<\/blockquote>\n<p><span style=\"font-weight: 400;\">R<\/span><span style=\"font-weight: 400;\">ealizar las acciones requeridas para incorporar en la cultura del estado, <\/span><b>el deseo en la mayor\u00eda de sus ciudadanos de lograr ser Ciudades del Conocimientos, como una aspiraci\u00f3n o ideal y permanente<\/b><span style=\"font-weight: 400;\">. Gestionar la <\/span><b>integraci\u00f3n funcional<\/b><span style=\"font-weight: 400;\">, de las dependencias que correspondan del sector p\u00fablico, del sector empresarial, de las organizaciones acad\u00e9micas y de otros organismos de la sociedad civil, con la finalidad de realizar lo pertinente para convertir, y preservar, a los municipios del estado en Ciudades del Conocimiento. Para lograr que Baja California destaque como estado innovador, comprometido con el aprendizaje continuo, con altos est\u00e1ndares de productividad, de forma tal que repercuta en una mejor calidad de vida de sus habitantes.&nbsp;<\/span><\/p>\n\t\t\t\t\t\t\t\t<\/div>\n\t\t\t\t<\/div>\n\t\t\t\t<div class=\"elementor-element elementor-element-d5844da elementor-widget elementor-widget-text-editor\" data-id=\"d5844da\" data-element_type=\"widget\" data-e-type=\"widget\" data-widget_type=\"text-editor.default\">\n\t\t\t\t<div class=\"elementor-widget-container\">\n\t\t\t\t\t\t\t\t\t<blockquote>\n<p><b>Nuestra Visi\u00f3n<\/b><\/p>\n<\/blockquote>\n<p>Consiguiendo el apoyo necesario y el involucramiento de las partes interesadas, convertir en el mediano y largo plazo a los municipios de Baja California, al menos sus tres principales ciudades, en Sociedades del Conocimiento, y que este logro se vea reflejado en un mejoramiento sustancial de la calidad de vida de sus habitantes, y de las siguientes generaciones, logrando est\u00e1ndares \u00f3ptimos de\u00a0<span style=\"font-weight: bold; line-height: inherit;\">competitividad, captaci\u00f3n de inversiones, y gran generaci\u00f3n de empleos de calidad.<\/span><\/p>\n\t\t\t\t\t\t\t\t<\/div>\n\t\t\t\t<\/div>\n\t\t\t\t<div class=\"elementor-element elementor-element-c2b4c63 elementor-widget elementor-widget-text-editor\" data-id=\"c2b4c63\" data-element_type=\"widget\" data-e-type=\"widget\" data-widget_type=\"text-editor.default\">\n\t\t\t\t<div class=\"elementor-widget-container\">\n\t\t\t\t\t\t\t\t\t<blockquote>\n<p><b>Nuestros Valores<\/b><\/p>\n<\/blockquote>\n<ul>\n<li><strong>Solidaridad : <\/strong><span style=\"font-weight: 400;\">Nuestra Organizaci\u00f3n en pro de las ciudades del conocimiento, existe ante todo porque somos solidarios con nuestra comunidad.\u00a0<\/span><span style=\"font-weight: 400;\">Lo nuestro es la adhesi\u00f3n y apoyo incondicional para lograr la transformaci\u00f3n de las ciudades de nuestro estado,\u00a0\u00a0<\/span><span style=\"font-weight: 400;\">La <\/span><b>solidaridad es<\/b><span style=\"font-weight: 400;\"> un valor que vivimos en lo personal\u00a0 y como grupo,\u00a0 y actuamos como un todo.\u00a0<\/span><\/li>\n<li><strong>Tolerancia : <\/strong><span style=\"font-weight: 400;\">Creemos y vivimos cotidianamente <\/span><span style=\"font-weight: 400;\">el respeto hacia los dem\u00e1s, aceptamos las diferencias\u00a0 que puede haber entre nuestros semejantes. Creemos en la relevancia para una vida de paz y de progreso general, respetar las ideas, pr\u00e1cticas o creencias de los dem\u00e1s, aunque choquen con las propias.<\/span><\/li>\n<li><strong>Colaboraci\u00f3n: <\/strong><span style=\"font-weight: 400;\">La practicamos en nuestra organizaci\u00f3n, <\/span><b>trabajando en conjunto al realizar nuestro trabajo, como la mejor forma de alcanzar sus objetivos<\/b><span style=\"font-weight: 400;\">.\u00a0 <\/span><span style=\"font-weight: 400;\">Somos conscientes de que es fundamental, este valor, entre las partes involucradas para lograr en Baja California nuestra meta.<\/span><\/li>\n<li><strong>Inclusi\u00f3n: <\/strong><span style=\"font-weight: 400;\">Somos conscientes de la diversidad que puede haber como seres humanos, y creemos firmemente que las diferencias entre unos y otros,\u00a0 no s\u00f3lo no son un defecto, ni mucho menos una desviaci\u00f3n, sino todo lo contrario es\u00a0 la gran oportunidad, con la diversidad, de mejorar todo lo que se hace.\u00a0 <\/span><span style=\"font-weight: 400;\">La inclusi\u00f3n es responder de manera positiva a la diversidad entre grupos de personas, especialmente los grupos m\u00e1s vulnerables,\u00a0 y a las diferencias individuales.\u00a0\u00a0<\/span><\/li>\n<li><strong>Empat\u00eda : <\/strong><span style=\"font-weight: 400;\">No hay forma de ser l\u00edderes sociales, sino se comprende a los dem\u00e1s, para lo cual es necesario ubicarse en la situaci\u00f3n de aquel o aquellos a quienes queremos comprender, en particular con respecto a <\/span><span style=\"font-weight: 400;\">sus\u00a0 necesidades, sentimientos y emociones, y hacerlo de una manera objetiva y racional.<\/span><\/li>\n<li><strong>Congruencia : <\/strong><span style=\"font-weight: 400;\">Ante todo buscamos que lo que decimos coincida o sea coherente, con lo que hacemos.<\/span><\/li>\n<li><strong>Honestidad: <\/strong><span style=\"font-weight: 400;\">La <\/span><b>honestidad<\/b><span style=\"font-weight: 400;\"> como <\/span><b>valor moral, es\u00a0 fundamental<\/b><span style=\"font-weight: 400;\"> para lograr relaciones interpersonales entre los integrantes de la organizaci\u00f3n,\u00a0 basadas en la confianza, la sinceridad y el respeto mutuo. Debe promoverse e incentivarse para que dicho valor sea algo natural, en la sociedad:\u00a0 <\/span><b>Rectitud y honradez en la forma de ser y de actuar<\/b><b>.<\/b><\/li>\n<li><strong>Justicia: <\/strong><span style=\"font-weight: 400;\">Lo nuestro debe ser obrar y juzgar respetando la verdad y dando a cada uno lo que le corresponde.\u00a0<\/span><span style=\"font-weight: 400;\">Valor moral que debe ser parte de la cultura de una sociedad en el contexto de la ley.<\/span><\/li>\n<li><strong>Transparencia\u00a0<\/strong><span style=\"font-weight: 400;\">Hacia el interior de la organizaci\u00f3n y hacia nuestro entorno. Como organizaci\u00f3n impulsaremos a que la transparencia sea\u00a0 un valor moral del sector p\u00fablico.\u00a0<\/span><span style=\"font-weight: 400;\">\u201cLograr la <\/span><b>transparencia<\/b><span style=\"font-weight: 400;\"> como forma de acci\u00f3n es un comportamiento\u00a0<\/span><span style=\"font-weight: 400;\">indispensable\u201d.<\/span><\/li>\n<\/ul>\n\t\t\t\t\t\t\t\t<\/div>\n\t\t\t\t<\/div>\n\t\t\t\t\t<\/div>\n\t\t<\/div>\n\t\t\t\t<div class=\"elementor-column elementor-col-25 elementor-top-column elementor-element elementor-element-dbc6d3f elementor-hidden-tablet elementor-hidden-phone\" data-id=\"dbc6d3f\" data-element_type=\"column\" data-e-type=\"column\">\n\t\t\t<div class=\"elementor-widget-wrap elementor-element-populated\">\n\t\t\t\t\t\t<div class=\"elementor-element elementor-element-dbc71ea elementor-widget elementor-widget-stm_sidebar\" data-id=\"dbc71ea\" data-element_type=\"widget\" data-e-type=\"widget\" data-widget_type=\"stm_sidebar.default\">\n\t\t\t\t<div class=\"elementor-widget-container\">\n\t\t\t\t\t\n<div class=\"stm_sidebar consulting_elementor_sidebar\">\n\n            \t\t<div data-elementor-type=\"wp-post\" data-elementor-id=\"311\" class=\"elementor elementor-311\">\n\t\t\t\t\t\t<section class=\"elementor-section elementor-top-section elementor-element elementor-element-d09570c elementor-section-boxed elementor-section-height-default elementor-section-height-default\" data-id=\"d09570c\" data-element_type=\"section\" data-e-type=\"section\" data-settings=\"{&quot;background_background&quot;:&quot;classic&quot;}\">\n\t\t\t\t\t\t<div class=\"elementor-container elementor-column-gap-default\">\n\t\t\t\t\t<div class=\"elementor-column elementor-col-100 elementor-top-column elementor-element elementor-element-d095bde\" data-id=\"d095bde\" data-element_type=\"column\" data-e-type=\"column\">\n\t\t\t<div class=\"elementor-widget-wrap elementor-element-populated\">\n\t\t\t\t\t\t<div class=\"elementor-element elementor-element-d096868 elementor-align-left elementor-widget elementor-widget-button\" data-id=\"d096868\" data-element_type=\"widget\" data-e-type=\"widget\" data-widget_type=\"button.default\">\n\t\t\t\t<div class=\"elementor-widget-container\">\n\t\t\t\t\t\t\t\t\t<div class=\"elementor-button-wrapper icon_align_  button_block\">\n\t\t\t\t\t<a class=\"elementor-button elementor-button-link elementor-size-lg\" href=\"http:\/\/geccbc.org\/wp-content\/uploads\/2021\/08\/Plan-Estrate\u0301gico-CCBC.pdf\" target=\"_blank\">\n\t\t\t\t\t\t<span class=\"elementor-button-content-wrapper\">\n\t\t\t\t\t\t<span class=\"elementor-button-icon\">\n\t\t\t\t<i aria-hidden=\"true\" class=\"fa fa-file-pdf-o\"><\/i>\t\t\t<\/span>\n\t\t\t\t\t\t\t\t\t<span class=\"elementor-button-text\">DESCARGA PLAN ESTRAT\u00c9GICO<\/span>\n\t\t\t\t\t<\/span>\n\t\t\t\t\t<\/a>\n\t\t\t\t<\/div>\n\t\t\t\t\t\t\t\t<\/div>\n\t\t\t\t<\/div>\n\t\t\t\t\t<\/div>\n\t\t<\/div>\n\t\t\t\t\t<\/div>\n\t\t<\/section>\n\t\t\t\t<section class=\"elementor-section elementor-top-section elementor-element elementor-element-d097479 elementor-section-boxed elementor-section-height-default elementor-section-height-default\" data-id=\"d097479\" data-element_type=\"section\" data-e-type=\"section\" data-settings=\"{&quot;background_background&quot;:&quot;classic&quot;}\">\n\t\t\t\t\t\t<div class=\"elementor-container elementor-column-gap-default\">\n\t\t\t\t\t<div class=\"elementor-column elementor-col-100 elementor-top-column elementor-element elementor-element-d097949\" data-id=\"d097949\" data-element_type=\"column\" data-e-type=\"column\" data-settings=\"{&quot;background_background&quot;:&quot;classic&quot;}\">\n\t\t\t<div class=\"elementor-widget-wrap elementor-element-populated\">\n\t\t\t\t\t\t<div class=\"elementor-element elementor-element-d097d55 elementor-widget elementor-widget-vc_custom_heading\" data-id=\"d097d55\" data-element_type=\"widget\" data-e-type=\"widget\" data-widget_type=\"vc_custom_heading.default\">\n\t\t\t\t<div class=\"elementor-widget-container\">\n\t\t\t\t\t<div class=\" vc_custom_heading  consulting_heading_font  text_align_left title_no_stripe\" ><h4 style=\"font-size: 16px;color: #ffffff;text-align: left;font-weight:100\" class=\"consulting-custom-title\">\u00bfComo podemos ayudarte? \n<\/h4><\/div>\t\t\t\t<\/div>\n\t\t\t\t<\/div>\n\t\t\t\t<div class=\"elementor-element elementor-element-d0982b8 elementor-widget elementor-widget-text-editor\" data-id=\"d0982b8\" data-element_type=\"widget\" data-e-type=\"widget\" data-widget_type=\"text-editor.default\">\n\t\t\t\t<div class=\"elementor-widget-container\">\n\t\t\t\t\t\t\t\t\t<p><span style=\"font-size: 13px; line-height: 22px; color: #ffffff;\">Cont\u00e1ctanos, preguntanos tus dudas o \u00fanete a nuestro movimiento.<\/span><\/p>\n\t\t\t\t\t\t\t\t<\/div>\n\t\t\t\t<\/div>\n\t\t\t\t<div class=\"elementor-element elementor-element-d098586 elementor-widget__width-auto elementor-widget elementor-widget-button\" data-id=\"d098586\" data-element_type=\"widget\" data-e-type=\"widget\" data-widget_type=\"button.default\">\n\t\t\t\t<div class=\"elementor-widget-container\">\n\t\t\t\t\t\t\t\t\t<div class=\"elementor-button-wrapper icon_align_  \">\n\t\t\t\t\t<a class=\"elementor-button elementor-button-link elementor-size-sm\" href=\"http:\/\/geccbc.org\/?page_id=1529\">\n\t\t\t\t\t\t<span class=\"elementor-button-content-wrapper\">\n\t\t\t\t\t\t<span class=\"elementor-button-icon\">\n\t\t\t\t<i aria-hidden=\"true\" class=\"fa fa-phone-square\"><\/i>\t\t\t<\/span>\n\t\t\t\t\t\t\t\t\t<span class=\"elementor-button-text\">Cont\u00e1ctanos<\/span>\n\t\t\t\t\t<\/span>\n\t\t\t\t\t<\/a>\n\t\t\t\t<\/div>\n\t\t\t\t\t\t\t\t<\/div>\n\t\t\t\t<\/div>\n\t\t\t\t\t<\/div>\n\t\t<\/div>\n\t\t\t\t\t<\/div>\n\t\t<\/section>\n\t\t\t\t<section class=\"elementor-section elementor-top-section elementor-element elementor-element-d098f9f elementor-section-boxed elementor-section-height-default elementor-section-height-default\" data-id=\"d098f9f\" data-element_type=\"section\" data-e-type=\"section\">\n\t\t\t\t\t\t<div class=\"elementor-container elementor-column-gap-default\">\n\t\t\t\t\t<div class=\"elementor-column elementor-col-100 elementor-top-column elementor-element elementor-element-d099395\" data-id=\"d099395\" data-element_type=\"column\" data-e-type=\"column\">\n\t\t\t<div class=\"elementor-widget-wrap elementor-element-populated\">\n\t\t\t\t\t\t<div class=\"elementor-element elementor-element-d0996ce elementor-widget elementor-widget-stm_testimonials\" data-id=\"d0996ce\" data-element_type=\"widget\" data-e-type=\"widget\" data-widget_type=\"stm_testimonials.default\">\n\t\t\t\t<div class=\"elementor-widget-container\">\n\t\t\t\t\t\n\n            <div class=\"stm_testimonials consulting_elementor_testimonials style_1\">\n                            <div class=\"item\">\n                    <div class=\"testimonial\"><p>\u201cLos motores econ\u00f3micos de las naciones son las ciudades\u201d<\/p>\n<\/div>\n                    <div class=\"testimonial-info clearfix\">\n                        <div class=\"testimonial-image\"><\/div>\n                        <div class=\"testimonial-text\">\n                            <div class=\"name\">Motores Econ\u00f3micos<\/div>\n                            <div class=\"company\">\n                                Jorge Guzm\u00e1n, CCBC                            <\/div>\n                        <\/div>\n                    <\/div>\n                <\/div>\n                    <\/div>\n    \n\t\t\t\t<\/div>\n\t\t\t\t<\/div>\n\t\t\t\t\t<\/div>\n\t\t<\/div>\n\t\t\t\t\t<\/div>\n\t\t<\/section>\n\t\t\t\t<\/div>\n\t\t    \n<\/div>\t\t\t\t<\/div>\n\t\t\t\t<\/div>\n\t\t\t\t\t<\/div>\n\t\t<\/div>\n\t\t\t\t\t<\/div>\n\t\t<\/section>\n\t\t\t\t<section class=\"elementor-section elementor-top-section elementor-element elementor-element-dbc72b4 third_bg_color elementor-section-boxed elementor-section-height-default elementor-section-height-default\" data-id=\"dbc72b4\" data-element_type=\"section\" data-e-type=\"section\" data-settings=\"{&quot;background_background&quot;:&quot;classic&quot;}\">\n\t\t\t\t\t\t<div class=\"elementor-container elementor-column-gap-default\">\n\t\t\t\t\t<div class=\"elementor-column elementor-col-100 elementor-top-column elementor-element elementor-element-dbc77c2\" data-id=\"dbc77c2\" data-element_type=\"column\" data-e-type=\"column\">\n\t\t\t<div class=\"elementor-widget-wrap elementor-element-populated\">\n\t\t\t\t\t\t<div class=\"elementor-element elementor-element-dbc7be2 elementor-widget elementor-widget-vc_cta\" data-id=\"dbc7be2\" data-element_type=\"widget\" data-e-type=\"widget\" data-widget_type=\"vc_cta.default\">\n\t\t\t\t<div class=\"elementor-widget-container\">\n\t\t\t\t\t\n<div class=\"ce_cta ce_cta_2467962492902919f3377b0767bffcb8 ce_text_left third_bg_color add_button_right btn_align_right btn_button_block_true btn_has_icon btn_has_icon_on_the_right\" id=\"\">\n\n    <div class=\"ce_cta__content\">\n        <div class=\"ce_cta__content__header\">\n            <h2  class='ce_cta__content__title '>\u00danete a nuestro movimiento<\/h2>                    <\/div>\n\n        \n    <\/div>\n\n    \n        <div class=\"ce_cta__action\">\n            <a href=\"http:\/\/geccbc.org\/?page_id=1529\"\n                              target=\"_self\"\n               class=\"button \">\n                <span>\u00a1Quiero Unirme!<\/span>\n                                    <i class=\"fa fa-chevron-right\"><\/i>\n                            <\/a>\n        <\/div>\n\n    \n<\/div>\n\t\t\t\t<\/div>\n\t\t\t\t<\/div>\n\t\t\t\t\t<\/div>\n\t\t<\/div>\n\t\t\t\t\t<\/div>\n\t\t<\/section>\n\t\t\t\t<\/div>\n\t\t","protected":false},"excerpt":{"rendered":"<p>\u00bfQu\u00e9 es nuestra organizaci\u00f3n?\u00a0 \u00a0 \u00a0 Somos una Asociaci\u00f3n Civil, sin fines de lucro.\u00a0 Como iniciativa de la sociedad civil se constituye con el objetivo de apoyar en lo posible, a convertir las ciudades de Baja California en Ciudades del conocimiento.\u00a0 Creemos que juntos podemos construir nuestro futuro, el cual\u00a0 no es nada alentador, sin<\/p>\n","protected":false},"author":1,"featured_media":0,"parent":0,"menu_order":0,"comment_status":"closed","ping_status":"closed","template":"","meta":{"footnotes":""},"class_list":["post-7000","page","type-page","status-publish","hentry"],"_links":{"self":[{"href":"https:\/\/geccbc.org\/index.php?rest_route=\/wp\/v2\/pages\/7000","targetHints":{"allow":["GET"]}}],"collection":[{"href":"https:\/\/geccbc.org\/index.php?rest_route=\/wp\/v2\/pages"}],"about":[{"href":"https:\/\/geccbc.org\/index.php?rest_route=\/wp\/v2\/types\/page"}],"author":[{"embeddable":true,"href":"https:\/\/geccbc.org\/index.php?rest_route=\/wp\/v2\/users\/1"}],"replies":[{"embeddable":true,"href":"https:\/\/geccbc.org\/index.php?rest_route=%2Fwp%2Fv2%2Fcomments&post=7000"}],"version-history":[{"count":26,"href":"https:\/\/geccbc.org\/index.php?rest_route=\/wp\/v2\/pages\/7000\/revisions"}],"predecessor-version":[{"id":7394,"href":"https:\/\/geccbc.org\/index.php?rest_route=\/wp\/v2\/pages\/7000\/revisions\/7394"}],"wp:attachment":[{"href":"https:\/\/geccbc.org\/index.php?rest_route=%2Fwp%2Fv2%2Fmedia&parent=7000"}],"curies":[{"name":"wp","href":"https:\/\/api.w.org\/{rel}","templated":true}]}}