{"id":7203,"date":"2021-08-23T20:08:33","date_gmt":"2021-08-23T20:08:33","guid":{"rendered":"http:\/\/geccbc.org\/?page_id=7203"},"modified":"2021-08-25T18:56:36","modified_gmt":"2021-08-25T18:56:36","slug":"gestion-eficaz-del-conocimiento","status":"publish","type":"page","link":"https:\/\/geccbc.org\/?page_id=7203","title":{"rendered":"Gesti\u00f3n Eficaz del Conocimiento"},"content":{"rendered":"\t\t<div data-elementor-type=\"wp-page\" data-elementor-id=\"7203\" class=\"elementor elementor-7203\">\n\t\t\t\t\t\t<section class=\"elementor-section elementor-top-section elementor-element elementor-element-dbc41bb elementor-section-boxed elementor-section-height-default elementor-section-height-default\" data-id=\"dbc41bb\" data-element_type=\"section\" data-e-type=\"section\" data-settings=\"{&quot;background_background&quot;:&quot;classic&quot;}\">\n\t\t\t\t\t\t<div class=\"elementor-container elementor-column-gap-default\">\n\t\t\t\t\t<div class=\"elementor-column elementor-col-100 elementor-top-column elementor-element elementor-element-dbc46e4\" data-id=\"dbc46e4\" data-element_type=\"column\" data-e-type=\"column\">\n\t\t\t<div class=\"elementor-widget-wrap elementor-element-populated\">\n\t\t\t\t\t\t<div class=\"elementor-element elementor-element-dbc4c44 elementor-widget elementor-widget-text-editor\" data-id=\"dbc4c44\" data-element_type=\"widget\" data-e-type=\"widget\" data-widget_type=\"text-editor.default\">\n\t\t\t\t<div class=\"elementor-widget-container\">\n\t\t\t\t\t\t\t\t\t<h2><strong>Gesti\u00f3n Eficaz del Conocimiento\u00a0<\/strong><\/h2>\n<p>\u00a0<\/p>\n<p><img fetchpriority=\"high\" decoding=\"async\" class=\"alignnone wp-image-7330 size-full\" src=\"http:\/\/geccbc.org\/wp-content\/uploads\/2021\/08\/conocimiento.jpg\" alt=\"\" width=\"1057\" height=\"524\" srcset=\"https:\/\/geccbc.org\/wp-content\/uploads\/2021\/08\/conocimiento.jpg 1057w, https:\/\/geccbc.org\/wp-content\/uploads\/2021\/08\/conocimiento-300x149.jpg 300w, https:\/\/geccbc.org\/wp-content\/uploads\/2021\/08\/conocimiento-1024x508.jpg 1024w, https:\/\/geccbc.org\/wp-content\/uploads\/2021\/08\/conocimiento-768x381.jpg 768w, https:\/\/geccbc.org\/wp-content\/uploads\/2021\/08\/conocimiento-900x446.jpg 900w, https:\/\/geccbc.org\/wp-content\/uploads\/2021\/08\/conocimiento-600x297.jpg 600w\" sizes=\"(max-width: 1057px) 100vw, 1057px\" \/><\/p>\n<p>\u00a0<\/p>\n<p><b>La gesti\u00f3n eficaz del conocimiento o <\/b><b><i>effective knowledge management <\/i><\/b><b>es una metodolog\u00eda<\/b><span style=\"font-weight: 400;\"> que se utiliza para administrar el conocimiento de forma pr\u00e1ctica y que no solo est\u00e1 enfocada en las organizaciones, sino que establece t\u00e9cnicas, procesos y pr\u00e1cticas para que cada persona asimile, organice, actualice, intercambie y retenga mejor sus conocimientos. Integra aspectos de inteligencia emocional para facilitar la comprensi\u00f3n, inteligencia artificial para convertir los datos en conocimiento e incorpora avances de neurociencia para conocer c\u00f3mo aprende el cerebro y mejorar la forma de intercambiar las nociones. Adem\u00e1s, establece procesos para canalizar el conocimiento y afrontar los cambios de forma adecuada e incorpora indicadores de progreso social para medir c\u00f3mo la gesti\u00f3n del conocimiento se aplica y el impacto que tiene en la sociedad.<\/span><\/p>\n<p><span style=\"font-weight: 400;\">La <\/span><b>gesti\u00f3n\u00a0 eficaz del conocimiento en las organizaciones, GEC,<\/b><span style=\"font-weight: 400;\"> consiste en administrar los procesos organizacionales. <\/span><b>Su objetivo principal es identificar, capturar, desarrollar, distribuir y retener el conocimiento de una organizaci\u00f3n, que tiene su origen y reside en las personas que componen a la misma.<\/b><span style=\"font-weight: 400;\"> Permite obtener ventajas competitivas, para sobrevivir en un entorno altamente competitivo y globalizado.\u00a0<\/span><\/p>\n<p><span style=\"font-weight: 400;\">L<\/span><span style=\"font-weight: 400;\">as organizaciones que pretenden sobrevivir en la so\u00adciedad del conocimiento deber\u00e1n incrementar su capital intelectual adem\u00e1s de dise\u00f1ar y aplicar nuevas estrategias de generaci\u00f3n de conocimiento.<\/span><\/p>\n<p><span style=\"font-weight: 400;\">La gesti\u00f3n del conocimiento <\/span><b>es tambi\u00e9n la gesti\u00f3n de activos intangibles que son de valor para la organizaci\u00f3n.<\/b><span style=\"font-weight: 400;\"> Dichos intangibles abarcan recursos que pertenecen a la organizaci\u00f3n, pero que no se registran y valoran desde el punto de vista contable, se generan en la organizaci\u00f3n cuando sus miembros comienzan a trabajar en grupo. Estos intangibles se relacionan con los procesos de captaci\u00f3n, estructuraci\u00f3n y transmisi\u00f3n de los conocimientos. Es en este punto, donde se refleja la relaci\u00f3n de <\/span><b>la gesti\u00f3n del conocimiento con el aprendizaje organizacional<\/b><span style=\"font-weight: 400;\"> y por ello, la gesti\u00f3n del conocimiento <\/span><b>tiene en el aprendizaje organizacional su principal herramienta.\u00a0<\/b><\/p>\n<p><span style=\"font-weight: 400;\">GEC es un <\/span><span style=\"font-weight: 400;\">enfoque gerencial<\/span><span style=\"font-weight: 400;\"> que se basa en el reconocimiento y la utilizaci\u00f3n <\/span><b>del valor m\u00e1s importante de las organizaciones: Las personas, su conocimiento y su disposici\u00f3n a colocarlos a su servicio.\u00a0<\/b><\/p>\n<p><span style=\"font-weight: 400;\">\u00a0Una adecuada gesti\u00f3n del conocimiento, soportada en el aprendizaje organizacional, c<\/span><b>ontribuye a elevar y desarrollar el capital Intelectual de una organizaci\u00f3n.<\/b><\/p>\n<p><span style=\"font-weight: 400;\">La gesti\u00f3n del conocimiento, busca, almacena y transfiere el conocimiento con el <\/span><b>prop\u00f3sito de aumentar la productividad y competitividad de las organizaciones<\/b><span style=\"font-weight: 400;\">. Las ventajas competitivas que produce una adecuada gesti\u00f3n del conocimiento no dependen de la cantidad de conocimiento que se consiga reunir y almacenar <\/span><b>sino del uso que se haga de ellos<\/b><span style=\"font-weight: 400;\">; como parte de ella, es necesario <\/span><b>adoptar una cultura corporativa que fomente el intercambio y la colaboraci\u00f3n entre los miembros de una organizaci\u00f3n.\u00a0<\/b><\/p>\n<p><b>Los\u00a0 principales objetivos de GEC son:\u00a0<\/b><\/p>\n<ul>\n<li style=\"font-weight: 400;\" aria-level=\"1\"><span style=\"font-weight: 400;\">Contribuir a comprender c\u00f3mo conseguir organizaciones m\u00e1s competitivas y adaptables.\u00a0<\/span><\/li>\n<li style=\"font-weight: 400;\" aria-level=\"1\"><span style=\"font-weight: 400;\">Crear procesos y mecanismos de gesti\u00f3n que aceleren los procesos de aprendizaje.\u00a0<\/span><\/li>\n<li style=\"font-weight: 400;\" aria-level=\"1\"><span style=\"font-weight: 400;\">La creaci\u00f3n, adaptaci\u00f3n y difusi\u00f3n del conocimiento, tanto en la organizaci\u00f3n como entre la organizaci\u00f3n y su entorno.<\/span><\/li>\n<\/ul>\n<p><span style=\"font-weight: 400;\">Hay que destacar la relaci\u00f3n entre la <\/span><b>gesti\u00f3n del conocimiento, la gesti\u00f3n de la informaci\u00f3n, la gesti\u00f3n de las tecnolog\u00edas, la cultura organizacional y la gesti\u00f3n de los recursos humanos <\/b><span style=\"font-weight: 400;\">como elementos fundamentales para que el proceso resulte eficiente.\u00a0<\/span><\/p>\n<p><span style=\"font-weight: 400;\">Para obtener una <\/span><b>gesti\u00f3n efectiva del conocimiento<\/b><span style=\"font-weight: 400;\">, se deben crear plataformas de conocimientos, intranets, sitio web, bases de datos, manuales, entre otras herramientas, con el objetivo de incentivar a los individuos a consumir informaci\u00f3n e incrementar su conocimiento.\u00a0<\/span><\/p>\n<p><span style=\"font-weight: 400;\">La gesti\u00f3n del conocimiento es un enfoque hol\u00edstico,\u00a0 donde se relacionan elementos como el <\/span><b>aprendizaje organizacional y la gesti\u00f3n del capital intelectual<\/b><span style=\"font-weight: 400;\">.\u00a0\u00a0<\/span><\/p>\n<p><b>El aprendizaje organizacional es el resultado de un proceso continuo de creaci\u00f3n de valores e intangibles<\/b><span style=\"font-weight: 400;\">, a partir del aprendizaje individual.\u00a0\u00a0<\/span><\/p>\n<p><b>El aprendizaje es la clave para que las personas y la organizaci\u00f3n sean cada vez m\u00e1s inteligentes, a partir de la memorizaci\u00f3n y transformaci\u00f3n de la informaci\u00f3n en conocimiento.<\/b><\/p>\n<p><span style=\"font-weight: 400;\">\u00a0El aprendizaje organizacional, muy ligado a los conceptos de <\/span><b>\u201corganizaciones inteligentes\u201d<\/b><span style=\"font-weight: 400;\"> y de <\/span><b>\u201corganizaciones que aprenden\u201d<\/b><span style=\"font-weight: 400;\"> (learning organizations), defienden que: \u201cUna organizaci\u00f3n inteligente es una organizaci\u00f3n que aprende y <\/span><b>que tiene las habilidades necesarias para crear, adquirir y transferir conocimiento, as\u00ed como para modificar su comportamiento para reflejar el nuevo conocimiento.<\/b><\/p>\n\t\t\t\t\t\t\t\t<\/div>\n\t\t\t\t<\/div>\n\t\t\t\t\t<\/div>\n\t\t<\/div>\n\t\t\t\t<div class=\"elementor-column elementor-col-25 elementor-top-column elementor-element elementor-element-dbc6d3f elementor-hidden-tablet elementor-hidden-phone\" data-id=\"dbc6d3f\" data-element_type=\"column\" data-e-type=\"column\">\n\t\t\t<div class=\"elementor-widget-wrap elementor-element-populated\">\n\t\t\t\t\t\t<div class=\"elementor-element elementor-element-dbc71ea elementor-widget elementor-widget-stm_sidebar\" data-id=\"dbc71ea\" data-element_type=\"widget\" data-e-type=\"widget\" data-widget_type=\"stm_sidebar.default\">\n\t\t\t\t<div class=\"elementor-widget-container\">\n\t\t\t\t\t\n<div class=\"stm_sidebar consulting_elementor_sidebar\">\n\n            \t\t<div data-elementor-type=\"wp-post\" data-elementor-id=\"311\" class=\"elementor elementor-311\">\n\t\t\t\t\t\t<section class=\"elementor-section elementor-top-section elementor-element elementor-element-d09570c elementor-section-boxed elementor-section-height-default elementor-section-height-default\" data-id=\"d09570c\" data-element_type=\"section\" data-e-type=\"section\" data-settings=\"{&quot;background_background&quot;:&quot;classic&quot;}\">\n\t\t\t\t\t\t<div class=\"elementor-container elementor-column-gap-default\">\n\t\t\t\t\t<div class=\"elementor-column elementor-col-100 elementor-top-column elementor-element elementor-element-d095bde\" data-id=\"d095bde\" data-element_type=\"column\" data-e-type=\"column\">\n\t\t\t<div class=\"elementor-widget-wrap elementor-element-populated\">\n\t\t\t\t\t\t<div class=\"elementor-element elementor-element-d096868 elementor-align-left elementor-widget elementor-widget-button\" data-id=\"d096868\" data-element_type=\"widget\" data-e-type=\"widget\" data-widget_type=\"button.default\">\n\t\t\t\t<div class=\"elementor-widget-container\">\n\t\t\t\t\t\t\t\t\t<div class=\"elementor-button-wrapper icon_align_  button_block\">\n\t\t\t\t\t<a class=\"elementor-button elementor-button-link elementor-size-lg\" href=\"http:\/\/geccbc.org\/wp-content\/uploads\/2021\/08\/Plan-Estrate\u0301gico-CCBC.pdf\" target=\"_blank\">\n\t\t\t\t\t\t<span class=\"elementor-button-content-wrapper\">\n\t\t\t\t\t\t<span class=\"elementor-button-icon\">\n\t\t\t\t<i aria-hidden=\"true\" class=\"fa fa-file-pdf-o\"><\/i>\t\t\t<\/span>\n\t\t\t\t\t\t\t\t\t<span class=\"elementor-button-text\">DESCARGA PLAN ESTRAT\u00c9GICO<\/span>\n\t\t\t\t\t<\/span>\n\t\t\t\t\t<\/a>\n\t\t\t\t<\/div>\n\t\t\t\t\t\t\t\t<\/div>\n\t\t\t\t<\/div>\n\t\t\t\t\t<\/div>\n\t\t<\/div>\n\t\t\t\t\t<\/div>\n\t\t<\/section>\n\t\t\t\t<section class=\"elementor-section elementor-top-section elementor-element elementor-element-d097479 elementor-section-boxed elementor-section-height-default elementor-section-height-default\" data-id=\"d097479\" data-element_type=\"section\" data-e-type=\"section\" data-settings=\"{&quot;background_background&quot;:&quot;classic&quot;}\">\n\t\t\t\t\t\t<div class=\"elementor-container elementor-column-gap-default\">\n\t\t\t\t\t<div class=\"elementor-column elementor-col-100 elementor-top-column elementor-element elementor-element-d097949\" data-id=\"d097949\" data-element_type=\"column\" data-e-type=\"column\" data-settings=\"{&quot;background_background&quot;:&quot;classic&quot;}\">\n\t\t\t<div class=\"elementor-widget-wrap elementor-element-populated\">\n\t\t\t\t\t\t<div class=\"elementor-element elementor-element-d097d55 elementor-widget elementor-widget-vc_custom_heading\" data-id=\"d097d55\" data-element_type=\"widget\" data-e-type=\"widget\" data-widget_type=\"vc_custom_heading.default\">\n\t\t\t\t<div class=\"elementor-widget-container\">\n\t\t\t\t\t<div class=\" vc_custom_heading  consulting_heading_font  text_align_left title_no_stripe\" ><h4 style=\"font-size: 16px;color: #ffffff;text-align: left;font-weight:100\" class=\"consulting-custom-title\">\u00bfComo podemos ayudarte? \n<\/h4><\/div>\t\t\t\t<\/div>\n\t\t\t\t<\/div>\n\t\t\t\t<div class=\"elementor-element elementor-element-d0982b8 elementor-widget elementor-widget-text-editor\" data-id=\"d0982b8\" data-element_type=\"widget\" data-e-type=\"widget\" data-widget_type=\"text-editor.default\">\n\t\t\t\t<div class=\"elementor-widget-container\">\n\t\t\t\t\t\t\t\t\t<p><span style=\"font-size: 13px; line-height: 22px; color: #ffffff;\">Cont\u00e1ctanos, preguntanos tus dudas o \u00fanete a nuestro movimiento.<\/span><\/p>\n\t\t\t\t\t\t\t\t<\/div>\n\t\t\t\t<\/div>\n\t\t\t\t<div class=\"elementor-element elementor-element-d098586 elementor-widget__width-auto elementor-widget elementor-widget-button\" data-id=\"d098586\" data-element_type=\"widget\" data-e-type=\"widget\" data-widget_type=\"button.default\">\n\t\t\t\t<div class=\"elementor-widget-container\">\n\t\t\t\t\t\t\t\t\t<div class=\"elementor-button-wrapper icon_align_  \">\n\t\t\t\t\t<a class=\"elementor-button elementor-button-link elementor-size-sm\" href=\"http:\/\/geccbc.org\/?page_id=1529\">\n\t\t\t\t\t\t<span class=\"elementor-button-content-wrapper\">\n\t\t\t\t\t\t<span class=\"elementor-button-icon\">\n\t\t\t\t<i aria-hidden=\"true\" class=\"fa fa-phone-square\"><\/i>\t\t\t<\/span>\n\t\t\t\t\t\t\t\t\t<span class=\"elementor-button-text\">Cont\u00e1ctanos<\/span>\n\t\t\t\t\t<\/span>\n\t\t\t\t\t<\/a>\n\t\t\t\t<\/div>\n\t\t\t\t\t\t\t\t<\/div>\n\t\t\t\t<\/div>\n\t\t\t\t\t<\/div>\n\t\t<\/div>\n\t\t\t\t\t<\/div>\n\t\t<\/section>\n\t\t\t\t<section class=\"elementor-section elementor-top-section elementor-element elementor-element-d098f9f elementor-section-boxed elementor-section-height-default elementor-section-height-default\" data-id=\"d098f9f\" data-element_type=\"section\" data-e-type=\"section\">\n\t\t\t\t\t\t<div class=\"elementor-container elementor-column-gap-default\">\n\t\t\t\t\t<div class=\"elementor-column elementor-col-100 elementor-top-column elementor-element elementor-element-d099395\" data-id=\"d099395\" data-element_type=\"column\" data-e-type=\"column\">\n\t\t\t<div class=\"elementor-widget-wrap elementor-element-populated\">\n\t\t\t\t\t\t<div class=\"elementor-element elementor-element-d0996ce elementor-widget elementor-widget-stm_testimonials\" data-id=\"d0996ce\" data-element_type=\"widget\" data-e-type=\"widget\" data-widget_type=\"stm_testimonials.default\">\n\t\t\t\t<div class=\"elementor-widget-container\">\n\t\t\t\t\t\n\n            <div class=\"stm_testimonials consulting_elementor_testimonials style_1\">\n                            <div class=\"item\">\n                    <div class=\"testimonial\"><p>\u201cLos motores econ\u00f3micos de las naciones son las ciudades\u201d<\/p>\n<\/div>\n                    <div class=\"testimonial-info clearfix\">\n                        <div class=\"testimonial-image\"><\/div>\n                        <div class=\"testimonial-text\">\n                            <div class=\"name\">Motores Econ\u00f3micos<\/div>\n                            <div class=\"company\">\n                                Jorge Guzm\u00e1n, CCBC                            <\/div>\n                        <\/div>\n                    <\/div>\n                <\/div>\n                    <\/div>\n    \n\t\t\t\t<\/div>\n\t\t\t\t<\/div>\n\t\t\t\t\t<\/div>\n\t\t<\/div>\n\t\t\t\t\t<\/div>\n\t\t<\/section>\n\t\t\t\t<\/div>\n\t\t    \n<\/div>\t\t\t\t<\/div>\n\t\t\t\t<\/div>\n\t\t\t\t\t<\/div>\n\t\t<\/div>\n\t\t\t\t\t<\/div>\n\t\t<\/section>\n\t\t\t\t<section class=\"elementor-section elementor-top-section elementor-element elementor-element-dbc72b4 third_bg_color elementor-section-boxed elementor-section-height-default elementor-section-height-default\" data-id=\"dbc72b4\" data-element_type=\"section\" data-e-type=\"section\" data-settings=\"{&quot;background_background&quot;:&quot;classic&quot;}\">\n\t\t\t\t\t\t<div class=\"elementor-container elementor-column-gap-default\">\n\t\t\t\t\t<div class=\"elementor-column elementor-col-100 elementor-top-column elementor-element elementor-element-dbc77c2\" data-id=\"dbc77c2\" data-element_type=\"column\" data-e-type=\"column\">\n\t\t\t<div class=\"elementor-widget-wrap elementor-element-populated\">\n\t\t\t\t\t\t<div class=\"elementor-element elementor-element-dbc7be2 elementor-widget elementor-widget-vc_cta\" data-id=\"dbc7be2\" data-element_type=\"widget\" data-e-type=\"widget\" data-widget_type=\"vc_cta.default\">\n\t\t\t\t<div class=\"elementor-widget-container\">\n\t\t\t\t\t\n<div class=\"ce_cta ce_cta_d6c5d03639757ac0c6c480a8f1ef4905 ce_text_left third_bg_color add_button_right btn_align_right btn_button_block_true btn_has_icon btn_has_icon_on_the_right\" id=\"\">\n\n    <div class=\"ce_cta__content\">\n        <div class=\"ce_cta__content__header\">\n            <h2  class='ce_cta__content__title '>\u00a1\u00danete a nuestro movimiento! <\/h2>                    <\/div>\n\n        \n    <\/div>\n\n    \n        <div class=\"ce_cta__action\">\n            <a href=\"#\"\n                              target=\"_self\"\n               class=\"button \">\n                <span>Quiero Unirme<\/span>\n                                    <i class=\"fa fa-chevron-right\"><\/i>\n                            <\/a>\n        <\/div>\n\n    \n<\/div>\n\t\t\t\t<\/div>\n\t\t\t\t<\/div>\n\t\t\t\t\t<\/div>\n\t\t<\/div>\n\t\t\t\t\t<\/div>\n\t\t<\/section>\n\t\t\t\t<\/div>\n\t\t","protected":false},"excerpt":{"rendered":"<p>Gesti\u00f3n Eficaz del Conocimiento\u00a0 \u00a0 \u00a0 La gesti\u00f3n eficaz del conocimiento o effective knowledge management es una metodolog\u00eda que se utiliza para administrar el conocimiento de forma pr\u00e1ctica y que no solo est\u00e1 enfocada en las organizaciones, sino que establece t\u00e9cnicas, procesos y pr\u00e1cticas para que cada persona asimile, organice, actualice, intercambie y retenga mejor<\/p>\n","protected":false},"author":1,"featured_media":0,"parent":0,"menu_order":0,"comment_status":"closed","ping_status":"closed","template":"","meta":{"footnotes":""},"class_list":["post-7203","page","type-page","status-publish","hentry"],"_links":{"self":[{"href":"https:\/\/geccbc.org\/index.php?rest_route=\/wp\/v2\/pages\/7203","targetHints":{"allow":["GET"]}}],"collection":[{"href":"https:\/\/geccbc.org\/index.php?rest_route=\/wp\/v2\/pages"}],"about":[{"href":"https:\/\/geccbc.org\/index.php?rest_route=\/wp\/v2\/types\/page"}],"author":[{"embeddable":true,"href":"https:\/\/geccbc.org\/index.php?rest_route=\/wp\/v2\/users\/1"}],"replies":[{"embeddable":true,"href":"https:\/\/geccbc.org\/index.php?rest_route=%2Fwp%2Fv2%2Fcomments&post=7203"}],"version-history":[{"count":10,"href":"https:\/\/geccbc.org\/index.php?rest_route=\/wp\/v2\/pages\/7203\/revisions"}],"predecessor-version":[{"id":7333,"href":"https:\/\/geccbc.org\/index.php?rest_route=\/wp\/v2\/pages\/7203\/revisions\/7333"}],"wp:attachment":[{"href":"https:\/\/geccbc.org\/index.php?rest_route=%2Fwp%2Fv2%2Fmedia&parent=7203"}],"curies":[{"name":"wp","href":"https:\/\/api.w.org\/{rel}","templated":true}]}}