{"id":7211,"date":"2021-08-23T20:12:00","date_gmt":"2021-08-23T20:12:00","guid":{"rendered":"http:\/\/geccbc.org\/?page_id=7211"},"modified":"2021-08-25T18:59:27","modified_gmt":"2021-08-25T18:59:27","slug":"gestion-eficaz-del-conocimiento-en-las-universidades","status":"publish","type":"page","link":"https:\/\/geccbc.org\/?page_id=7211","title":{"rendered":"Gesti\u00f3n eficaz del conocimiento en las universidades"},"content":{"rendered":"\t\t<div data-elementor-type=\"wp-page\" data-elementor-id=\"7211\" class=\"elementor elementor-7211\">\n\t\t\t\t\t\t<section class=\"elementor-section elementor-top-section elementor-element elementor-element-dbc41bb elementor-section-boxed elementor-section-height-default elementor-section-height-default\" data-id=\"dbc41bb\" data-element_type=\"section\" data-e-type=\"section\" data-settings=\"{&quot;background_background&quot;:&quot;classic&quot;}\">\n\t\t\t\t\t\t<div class=\"elementor-container elementor-column-gap-default\">\n\t\t\t\t\t<div class=\"elementor-column elementor-col-100 elementor-top-column elementor-element elementor-element-dbc46e4\" data-id=\"dbc46e4\" data-element_type=\"column\" data-e-type=\"column\">\n\t\t\t<div class=\"elementor-widget-wrap elementor-element-populated\">\n\t\t\t\t\t\t<div class=\"elementor-element elementor-element-dbc4c44 elementor-widget elementor-widget-text-editor\" data-id=\"dbc4c44\" data-element_type=\"widget\" data-e-type=\"widget\" data-widget_type=\"text-editor.default\">\n\t\t\t\t<div class=\"elementor-widget-container\">\n\t\t\t\t\t\t\t\t\t<h2><b>Gesti\u00f3n eficaz del conocimiento en las universidades\u00a0<\/b><\/h2>\n<p>\u00a0<\/p>\n<p><img fetchpriority=\"high\" decoding=\"async\" class=\"alignnone wp-image-7334 size-full\" src=\"http:\/\/geccbc.org\/wp-content\/uploads\/2021\/08\/uabc.jpg\" alt=\"\" width=\"1057\" height=\"524\" srcset=\"https:\/\/geccbc.org\/wp-content\/uploads\/2021\/08\/uabc.jpg 1057w, https:\/\/geccbc.org\/wp-content\/uploads\/2021\/08\/uabc-300x149.jpg 300w, https:\/\/geccbc.org\/wp-content\/uploads\/2021\/08\/uabc-1024x508.jpg 1024w, https:\/\/geccbc.org\/wp-content\/uploads\/2021\/08\/uabc-768x381.jpg 768w, https:\/\/geccbc.org\/wp-content\/uploads\/2021\/08\/uabc-900x446.jpg 900w, https:\/\/geccbc.org\/wp-content\/uploads\/2021\/08\/uabc-600x297.jpg 600w\" sizes=\"(max-width: 1057px) 100vw, 1057px\" \/><\/p>\n<p>\u00a0<\/p>\n<p><span style=\"font-weight: 400;\">La gesti\u00f3n eficaz del conocimiento constituye una herramienta id\u00f3nea para la <\/span><b>mejora continua del conocimiento que imparten las universidades<\/b><span style=\"font-weight: 400;\">.\u00a0 Las universidades p\u00fablicas y privadas son entidades creadoras y difusoras de conocimiento que necesitan constantemente<\/span><b> identificar nuevas fuentes, actualizar los conocimientos que divulgan y mejorar los m\u00e9todos de asimilaci\u00f3n y comprensi\u00f3n<\/b><span style=\"font-weight: 400;\">.\u00a0<\/span><\/p>\n<p><b>La sociedad cambia constantemente y el ritmo de generaci\u00f3n de nuevos conocimientos se acelera<\/b><span style=\"font-weight: 400;\">, la velocidad con la que ocurre es tan grande que\u00a0 surgen desactualizados en poco tiempo y cada vez es m\u00e1s dif\u00edcil prever cu\u00e1les ser\u00e1n las tem\u00e1ticas y profesiones que surgir\u00e1n en el futuro.<\/span><\/p>\n<p><span style=\"font-weight: 400;\">Paralelamente, el proceso de transformaci\u00f3n digital, los avances en las tecnolog\u00edas y las nuevas formas de trabajo requieren q<\/span><b>ue las universidades adquieran una elevada capacidad de respuesta y de adaptaci\u00f3n<\/b><span style=\"font-weight: 400;\"> para enfrentar a los nuevos desaf\u00edos.<\/span><\/p>\n<p><span style=\"font-weight: 400;\">\u00a0Los cambios exigen un acceso muy r\u00e1pido al conocimiento, <\/span><b>una formaci\u00f3n que incida en el desarrollo y potenciaci\u00f3n de las capacidades cognitivas<\/b><span style=\"font-weight: 400;\"> y con un enfoque interdisciplinar y transversal que permita asimilar conocimientos muy diversos, intercambiar de forma eficaz las experiencias y <\/span><b>generar conocimientos que ofrezcan soluciones a problemas de muy diversa \u00edndole.<\/b><\/p>\n<p><span style=\"font-weight: 400;\">Adquirir la capacidad necesaria para afrontar estos retos no es posible si la entidad no tiene unos <\/span><b>procesos de gesti\u00f3n del conocimiento implementados<\/b><span style=\"font-weight: 400;\">, si no existen procesos que permitan organizar, intercambiar y aprovechar el conocimiento existente y si no se establece un modelo de referencia que posibilite\u00a0 fijar reglas de actuaci\u00f3n e indicadores para evaluar el nivel de actualizaci\u00f3n en la gesti\u00f3n del conocimiento alcanzado.<\/span><\/p>\n<p><span style=\"font-weight: 400;\">Los nuevos retos demandan <\/span><b>mejoras en el modelo educativo<\/b><span style=\"font-weight: 400;\">, y tambi\u00e9n en la estructura y organizaci\u00f3n de todas las entidades educativas. Son necesarios procesos administrativos y operativos m\u00e1s \u00e1giles y mejor controlados, mayor rapidez en la toma de decisiones, una administraci\u00f3n eficaz <\/span><b>de recursos para la investigaci\u00f3n y una estrategia de innovaci\u00f3n con mayor visi\u00f3n para anticiparse a las necesidades que surgen.<\/b><\/p>\n<p><span style=\"font-weight: 400;\">En los \u00faltimos a\u00f1os han surgido iniciativas con propuestas muy diferentes a los m\u00e9todos tradicionales de ense\u00f1anza que engloban nuevos roles de los profesores y estudiantes, modificaciones en las asignaturas o contenidos de las mismas, nuevas formas de evaluaci\u00f3n de los alumnos, cambios en las formas de difundir nociones, incorporaci\u00f3n de avanzadas tecnolog\u00edas en las clases, etc.\u00a0<\/span><\/p>\n<p><span style=\"font-weight: 400;\">La universidades deben hacer conciencia de la necesidad de preparar a trav\u00e9s de la <\/span><b>formaci\u00f3n en gesti\u00f3n del conocimiento<\/b><span style=\"font-weight: 400;\"> a las entidades educativas, para que puedan crear mecanismos \u00e1giles de difusi\u00f3n, intercambio y retenci\u00f3n de conocimientos <\/span><b>acordes a las necesidades de la sociedad<\/b><span style=\"font-weight: 400;\"> y logren tomar las decisiones m\u00e1s correctas sobre qu\u00e9 cambios son necesarios, c\u00f3mo y cu\u00e1ndo deben llevarse a cabo.<\/span><\/p>\n<p><span style=\"font-weight: 400;\">Metodolog\u00edas como la gesti\u00f3n eficaz del conocimiento creada por profesionales de la <\/span><a href=\"https:\/\/fundaciongestiondelconocimiento.org\/\"><span style=\"font-weight: 400;\">Fundaci\u00f3n Gesti\u00f3n del Conocimiento<\/span><\/a><span style=\"font-weight: 400;\">, con m\u00e1s de dieciocho a\u00f1os de experiencia en este campo, suponen una herramienta id\u00f3nea para que las universidades puedan llevar a cabo el proceso de transici\u00f3n con la mayor seguridad y garant\u00eda de \u00e9xito.\u00a0<\/span><\/p>\n<p><span style=\"font-weight: 400;\">La educaci\u00f3n en las universidades no solo debe residir en la capacitaci\u00f3n de los alumnos para el desarrollo de las actividades profesionales, <\/span><b>sino tambi\u00e9n en la formaci\u00f3n de personas \u00edntegras y con principios que sepan actuar con racionalidad, coherencia y madurez<\/b><span style=\"font-weight: 400;\"> y que aporten a la sociedad a trav\u00e9s de sus acciones los mejores valores.\u00a0<\/span><\/p>\n<p><span style=\"font-weight: 400;\">Potenciar el conocimiento de los alumnos a trav\u00e9s de t\u00e9cnicas que permitan el desarrollo de sus habilidades y una aplicaci\u00f3n m\u00e1s eficaz de las ense\u00f1anzas en las actividades que se realizan, <\/span><b>promoviendo siempre valores como la honestidad, la responsabilidad, la tolerancia y solidaridad.<\/b><\/p>\n<p><b>La excelencia de la calidad de la educaci\u00f3n no se basa solo en formar profesionales altamente cualificados, sino en personas \u00edntegras que pongan el conocimiento al servicio de los mejores fines de la sociedad. Este es el verdadero camino para conseguir el progreso de la humanidad, lo dem\u00e1s, es solo ficci\u00f3n<\/b><\/p>\n\t\t\t\t\t\t\t\t<\/div>\n\t\t\t\t<\/div>\n\t\t\t\t\t<\/div>\n\t\t<\/div>\n\t\t\t\t<div class=\"elementor-column elementor-col-25 elementor-top-column elementor-element elementor-element-dbc6d3f elementor-hidden-tablet elementor-hidden-phone\" data-id=\"dbc6d3f\" data-element_type=\"column\" data-e-type=\"column\">\n\t\t\t<div class=\"elementor-widget-wrap elementor-element-populated\">\n\t\t\t\t\t\t<div class=\"elementor-element elementor-element-dbc71ea elementor-widget elementor-widget-stm_sidebar\" data-id=\"dbc71ea\" data-element_type=\"widget\" data-e-type=\"widget\" data-widget_type=\"stm_sidebar.default\">\n\t\t\t\t<div class=\"elementor-widget-container\">\n\t\t\t\t\t\n<div class=\"stm_sidebar consulting_elementor_sidebar\">\n\n            \t\t<div data-elementor-type=\"wp-post\" data-elementor-id=\"311\" class=\"elementor elementor-311\">\n\t\t\t\t\t\t<section class=\"elementor-section elementor-top-section elementor-element elementor-element-d09570c elementor-section-boxed elementor-section-height-default elementor-section-height-default\" data-id=\"d09570c\" data-element_type=\"section\" data-e-type=\"section\" data-settings=\"{&quot;background_background&quot;:&quot;classic&quot;}\">\n\t\t\t\t\t\t<div class=\"elementor-container elementor-column-gap-default\">\n\t\t\t\t\t<div class=\"elementor-column elementor-col-100 elementor-top-column elementor-element elementor-element-d095bde\" data-id=\"d095bde\" data-element_type=\"column\" data-e-type=\"column\">\n\t\t\t<div class=\"elementor-widget-wrap elementor-element-populated\">\n\t\t\t\t\t\t<div class=\"elementor-element elementor-element-d096868 elementor-align-left elementor-widget elementor-widget-button\" data-id=\"d096868\" data-element_type=\"widget\" data-e-type=\"widget\" data-widget_type=\"button.default\">\n\t\t\t\t<div class=\"elementor-widget-container\">\n\t\t\t\t\t\t\t\t\t<div class=\"elementor-button-wrapper icon_align_  button_block\">\n\t\t\t\t\t<a class=\"elementor-button elementor-button-link elementor-size-lg\" href=\"http:\/\/geccbc.org\/wp-content\/uploads\/2021\/08\/Plan-Estrate\u0301gico-CCBC.pdf\" target=\"_blank\">\n\t\t\t\t\t\t<span class=\"elementor-button-content-wrapper\">\n\t\t\t\t\t\t<span class=\"elementor-button-icon\">\n\t\t\t\t<i aria-hidden=\"true\" class=\"fa fa-file-pdf-o\"><\/i>\t\t\t<\/span>\n\t\t\t\t\t\t\t\t\t<span class=\"elementor-button-text\">DESCARGA PLAN ESTRAT\u00c9GICO<\/span>\n\t\t\t\t\t<\/span>\n\t\t\t\t\t<\/a>\n\t\t\t\t<\/div>\n\t\t\t\t\t\t\t\t<\/div>\n\t\t\t\t<\/div>\n\t\t\t\t\t<\/div>\n\t\t<\/div>\n\t\t\t\t\t<\/div>\n\t\t<\/section>\n\t\t\t\t<section class=\"elementor-section elementor-top-section elementor-element elementor-element-d097479 elementor-section-boxed elementor-section-height-default elementor-section-height-default\" data-id=\"d097479\" data-element_type=\"section\" data-e-type=\"section\" data-settings=\"{&quot;background_background&quot;:&quot;classic&quot;}\">\n\t\t\t\t\t\t<div class=\"elementor-container elementor-column-gap-default\">\n\t\t\t\t\t<div class=\"elementor-column elementor-col-100 elementor-top-column elementor-element elementor-element-d097949\" data-id=\"d097949\" data-element_type=\"column\" data-e-type=\"column\" data-settings=\"{&quot;background_background&quot;:&quot;classic&quot;}\">\n\t\t\t<div class=\"elementor-widget-wrap elementor-element-populated\">\n\t\t\t\t\t\t<div class=\"elementor-element elementor-element-d097d55 elementor-widget elementor-widget-vc_custom_heading\" data-id=\"d097d55\" data-element_type=\"widget\" data-e-type=\"widget\" data-widget_type=\"vc_custom_heading.default\">\n\t\t\t\t<div class=\"elementor-widget-container\">\n\t\t\t\t\t<div class=\" vc_custom_heading  consulting_heading_font  text_align_left title_no_stripe\" ><h4 style=\"font-size: 16px;color: #ffffff;text-align: left;font-weight:100\" class=\"consulting-custom-title\">\u00bfComo podemos ayudarte? \n<\/h4><\/div>\t\t\t\t<\/div>\n\t\t\t\t<\/div>\n\t\t\t\t<div class=\"elementor-element elementor-element-d0982b8 elementor-widget elementor-widget-text-editor\" data-id=\"d0982b8\" data-element_type=\"widget\" data-e-type=\"widget\" data-widget_type=\"text-editor.default\">\n\t\t\t\t<div class=\"elementor-widget-container\">\n\t\t\t\t\t\t\t\t\t<p><span style=\"font-size: 13px; line-height: 22px; color: #ffffff;\">Cont\u00e1ctanos, preguntanos tus dudas o \u00fanete a nuestro movimiento.<\/span><\/p>\n\t\t\t\t\t\t\t\t<\/div>\n\t\t\t\t<\/div>\n\t\t\t\t<div class=\"elementor-element elementor-element-d098586 elementor-widget__width-auto elementor-widget elementor-widget-button\" data-id=\"d098586\" data-element_type=\"widget\" data-e-type=\"widget\" data-widget_type=\"button.default\">\n\t\t\t\t<div class=\"elementor-widget-container\">\n\t\t\t\t\t\t\t\t\t<div class=\"elementor-button-wrapper icon_align_  \">\n\t\t\t\t\t<a class=\"elementor-button elementor-button-link elementor-size-sm\" href=\"http:\/\/geccbc.org\/?page_id=1529\">\n\t\t\t\t\t\t<span class=\"elementor-button-content-wrapper\">\n\t\t\t\t\t\t<span class=\"elementor-button-icon\">\n\t\t\t\t<i aria-hidden=\"true\" class=\"fa fa-phone-square\"><\/i>\t\t\t<\/span>\n\t\t\t\t\t\t\t\t\t<span class=\"elementor-button-text\">Cont\u00e1ctanos<\/span>\n\t\t\t\t\t<\/span>\n\t\t\t\t\t<\/a>\n\t\t\t\t<\/div>\n\t\t\t\t\t\t\t\t<\/div>\n\t\t\t\t<\/div>\n\t\t\t\t\t<\/div>\n\t\t<\/div>\n\t\t\t\t\t<\/div>\n\t\t<\/section>\n\t\t\t\t<section class=\"elementor-section elementor-top-section elementor-element elementor-element-d098f9f elementor-section-boxed elementor-section-height-default elementor-section-height-default\" data-id=\"d098f9f\" data-element_type=\"section\" data-e-type=\"section\">\n\t\t\t\t\t\t<div class=\"elementor-container elementor-column-gap-default\">\n\t\t\t\t\t<div class=\"elementor-column elementor-col-100 elementor-top-column elementor-element elementor-element-d099395\" data-id=\"d099395\" data-element_type=\"column\" data-e-type=\"column\">\n\t\t\t<div class=\"elementor-widget-wrap elementor-element-populated\">\n\t\t\t\t\t\t<div class=\"elementor-element elementor-element-d0996ce elementor-widget elementor-widget-stm_testimonials\" data-id=\"d0996ce\" data-element_type=\"widget\" data-e-type=\"widget\" data-widget_type=\"stm_testimonials.default\">\n\t\t\t\t<div class=\"elementor-widget-container\">\n\t\t\t\t\t\n\n            <div class=\"stm_testimonials consulting_elementor_testimonials style_1\">\n                            <div class=\"item\">\n                    <div class=\"testimonial\"><p>\u201cLos motores econ\u00f3micos de las naciones son las ciudades\u201d<\/p>\n<\/div>\n                    <div class=\"testimonial-info clearfix\">\n                        <div class=\"testimonial-image\"><\/div>\n                        <div class=\"testimonial-text\">\n                            <div class=\"name\">Motores Econ\u00f3micos<\/div>\n                            <div class=\"company\">\n                                Jorge Guzm\u00e1n, CCBC                            <\/div>\n                        <\/div>\n                    <\/div>\n                <\/div>\n                    <\/div>\n    \n\t\t\t\t<\/div>\n\t\t\t\t<\/div>\n\t\t\t\t\t<\/div>\n\t\t<\/div>\n\t\t\t\t\t<\/div>\n\t\t<\/section>\n\t\t\t\t<\/div>\n\t\t    \n<\/div>\t\t\t\t<\/div>\n\t\t\t\t<\/div>\n\t\t\t\t\t<\/div>\n\t\t<\/div>\n\t\t\t\t\t<\/div>\n\t\t<\/section>\n\t\t\t\t<section class=\"elementor-section elementor-top-section elementor-element elementor-element-dbc72b4 third_bg_color elementor-section-boxed elementor-section-height-default elementor-section-height-default\" data-id=\"dbc72b4\" data-element_type=\"section\" data-e-type=\"section\" data-settings=\"{&quot;background_background&quot;:&quot;classic&quot;}\">\n\t\t\t\t\t\t<div class=\"elementor-container elementor-column-gap-default\">\n\t\t\t\t\t<div class=\"elementor-column elementor-col-100 elementor-top-column elementor-element elementor-element-dbc77c2\" data-id=\"dbc77c2\" data-element_type=\"column\" data-e-type=\"column\">\n\t\t\t<div class=\"elementor-widget-wrap elementor-element-populated\">\n\t\t\t\t\t\t<div class=\"elementor-element elementor-element-dbc7be2 elementor-widget elementor-widget-vc_cta\" data-id=\"dbc7be2\" data-element_type=\"widget\" data-e-type=\"widget\" data-widget_type=\"vc_cta.default\">\n\t\t\t\t<div class=\"elementor-widget-container\">\n\t\t\t\t\t\n<div class=\"ce_cta ce_cta_d6c5d03639757ac0c6c480a8f1ef4905 ce_text_left third_bg_color add_button_right btn_align_right btn_button_block_true btn_has_icon btn_has_icon_on_the_right\" id=\"\">\n\n    <div class=\"ce_cta__content\">\n        <div class=\"ce_cta__content__header\">\n            <h2  class='ce_cta__content__title '>\u00a1\u00danete a nuestro movimiento! <\/h2>                    <\/div>\n\n        \n    <\/div>\n\n    \n        <div class=\"ce_cta__action\">\n            <a href=\"#\"\n                              target=\"_self\"\n               class=\"button \">\n                <span>Quiero Unirme<\/span>\n                                    <i class=\"fa fa-chevron-right\"><\/i>\n                            <\/a>\n        <\/div>\n\n    \n<\/div>\n\t\t\t\t<\/div>\n\t\t\t\t<\/div>\n\t\t\t\t\t<\/div>\n\t\t<\/div>\n\t\t\t\t\t<\/div>\n\t\t<\/section>\n\t\t\t\t<\/div>\n\t\t","protected":false},"excerpt":{"rendered":"<p>Gesti\u00f3n eficaz del conocimiento en las universidades\u00a0 \u00a0 \u00a0 La gesti\u00f3n eficaz del conocimiento constituye una herramienta id\u00f3nea para la mejora continua del conocimiento que imparten las universidades.\u00a0 Las universidades p\u00fablicas y privadas son entidades creadoras y difusoras de conocimiento que necesitan constantemente identificar nuevas fuentes, actualizar los conocimientos que divulgan y mejorar los m\u00e9todos<\/p>\n","protected":false},"author":1,"featured_media":0,"parent":0,"menu_order":0,"comment_status":"closed","ping_status":"closed","template":"","meta":{"footnotes":""},"class_list":["post-7211","page","type-page","status-publish","hentry"],"_links":{"self":[{"href":"https:\/\/geccbc.org\/index.php?rest_route=\/wp\/v2\/pages\/7211","targetHints":{"allow":["GET"]}}],"collection":[{"href":"https:\/\/geccbc.org\/index.php?rest_route=\/wp\/v2\/pages"}],"about":[{"href":"https:\/\/geccbc.org\/index.php?rest_route=\/wp\/v2\/types\/page"}],"author":[{"embeddable":true,"href":"https:\/\/geccbc.org\/index.php?rest_route=\/wp\/v2\/users\/1"}],"replies":[{"embeddable":true,"href":"https:\/\/geccbc.org\/index.php?rest_route=%2Fwp%2Fv2%2Fcomments&post=7211"}],"version-history":[{"count":7,"href":"https:\/\/geccbc.org\/index.php?rest_route=\/wp\/v2\/pages\/7211\/revisions"}],"predecessor-version":[{"id":7337,"href":"https:\/\/geccbc.org\/index.php?rest_route=\/wp\/v2\/pages\/7211\/revisions\/7337"}],"wp:attachment":[{"href":"https:\/\/geccbc.org\/index.php?rest_route=%2Fwp%2Fv2%2Fmedia&parent=7211"}],"curies":[{"name":"wp","href":"https:\/\/api.w.org\/{rel}","templated":true}]}}