{"id":7216,"date":"2021-08-23T20:14:28","date_gmt":"2021-08-23T20:14:28","guid":{"rendered":"http:\/\/geccbc.org\/?page_id=7216"},"modified":"2021-08-25T19:01:32","modified_gmt":"2021-08-25T19:01:32","slug":"el-pacto-mundial-y-sus-objetivos-de-desarrollo-sostenible","status":"publish","type":"page","link":"https:\/\/geccbc.org\/?page_id=7216","title":{"rendered":"El pacto mundial y sus Objetivos de Desarrollo Sostenible"},"content":{"rendered":"\t\t<div data-elementor-type=\"wp-page\" data-elementor-id=\"7216\" class=\"elementor elementor-7216\">\n\t\t\t\t\t\t<section class=\"elementor-section elementor-top-section elementor-element elementor-element-dbc41bb elementor-section-boxed elementor-section-height-default elementor-section-height-default\" data-id=\"dbc41bb\" data-element_type=\"section\" data-e-type=\"section\" data-settings=\"{&quot;background_background&quot;:&quot;classic&quot;}\">\n\t\t\t\t\t\t<div class=\"elementor-container elementor-column-gap-default\">\n\t\t\t\t\t<div class=\"elementor-column elementor-col-100 elementor-top-column elementor-element elementor-element-dbc46e4\" data-id=\"dbc46e4\" data-element_type=\"column\" data-e-type=\"column\">\n\t\t\t<div class=\"elementor-widget-wrap elementor-element-populated\">\n\t\t\t\t\t\t<div class=\"elementor-element elementor-element-dbc4c44 elementor-widget elementor-widget-text-editor\" data-id=\"dbc4c44\" data-element_type=\"widget\" data-e-type=\"widget\" data-widget_type=\"text-editor.default\">\n\t\t\t\t<div class=\"elementor-widget-container\">\n\t\t\t\t\t\t\t\t\t<h2><strong>El pacto mundial y sus Objetivos de Desarrollo Sostenible<\/strong><\/h2>\n<p><img fetchpriority=\"high\" decoding=\"async\" class=\"alignnone wp-image-7338 size-full\" src=\"http:\/\/geccbc.org\/wp-content\/uploads\/2021\/08\/obje.jpg\" alt=\"\" width=\"1057\" height=\"524\" srcset=\"https:\/\/geccbc.org\/wp-content\/uploads\/2021\/08\/obje.jpg 1057w, https:\/\/geccbc.org\/wp-content\/uploads\/2021\/08\/obje-300x149.jpg 300w, https:\/\/geccbc.org\/wp-content\/uploads\/2021\/08\/obje-1024x508.jpg 1024w, https:\/\/geccbc.org\/wp-content\/uploads\/2021\/08\/obje-768x381.jpg 768w, https:\/\/geccbc.org\/wp-content\/uploads\/2021\/08\/obje-900x446.jpg 900w, https:\/\/geccbc.org\/wp-content\/uploads\/2021\/08\/obje-600x297.jpg 600w\" sizes=\"(max-width: 1057px) 100vw, 1057px\" \/><\/p>\n<p><span style=\"font-weight: 400;\">El Pacto Mundial o tambi\u00e9n llamado <\/span><b>Pacto Global<\/b><span style=\"font-weight: 400;\"> fue iniciado por las Naciones Unidas en el a\u00f1o 2000. Se trata de un llamado a las empresas a alinear sus estrategias y operaciones con los<\/span><a href=\"https:\/\/www.pactomundial.org.mx\/10-principios\/\"><span style=\"font-weight: 400;\"> Principios<\/span><\/a><span style=\"font-weight: 400;\"> universales sobre <\/span><b>Derechos Humanos, Est\u00e1ndares Laborales, Medio Ambiente y Anticorrupci\u00f3n<\/b><span style=\"font-weight: 400;\">, a tomar medidas que promuevan los Objetivos de Desarrollo Sostenible (ODS) <\/span><b>y el Sector Privado.<\/b><\/p>\n<p><span style=\"font-weight: 400;\">Los Objetivos de Desarrollo Sostenible (ODS) <\/span><b>definen prioridades de desarrollo sostenible a nivel mundial y las aspiraciones para el 2030<\/b><span style=\"font-weight: 400;\"> y buscan movilizar los esfuerzos a nivel global en torno a un conjunto de objetivos y metas comunes.<\/span><\/p>\n<p><span style=\"font-weight: 400;\">Los ODS hacen un llamado a la acci\u00f3n entre gobiernos, empresas y sociedad civil, para poner fin a la pobreza y crear una vida digna y de oportunidades para todos, dentro de los l\u00edmites del planeta.\u00a0<\/span><\/p>\n<p><a href=\"https:\/\/www.pactomundial.org.mx\/wp-content\/uploads\/2020\/04\/ODS-Metas-e-indicadores_compressed.pdf\"><span style=\"font-weight: 400;\">https:\/\/www.pactomundial.org.mx\/wp-content\/uploads\/2020\/04\/ODS-Metas-e-indicadores_compressed.pdf<\/span><\/a><span style=\"font-weight: 400;\">\u00a0<\/span><\/p>\n<ol>\n<li style=\"font-weight: 400;\" aria-level=\"1\"><span style=\"font-weight: 400;\">Poner fin a la pobreza en todas sus formas en todo el mundo<\/span><\/li>\n<li style=\"font-weight: 400;\" aria-level=\"1\"><span style=\"font-weight: 400;\">Poner fin al hambre, lograr la seguridad alimentaria y la mejora de la nutrici\u00f3n y promover la agricultura sostenible.<\/span><\/li>\n<li style=\"font-weight: 400;\" aria-level=\"1\"><span style=\"font-weight: 400;\">Garantizar una vida sana y promover el bienestar de todos a todas las edades<\/span><\/li>\n<li style=\"font-weight: 400;\" aria-level=\"1\"><span style=\"font-weight: 400;\">Garantizar una educaci\u00f3n inclusiva y equitativa de calidad y promover oportunidades de aprendizaje permanente para todos.<\/span><\/li>\n<li style=\"font-weight: 400;\" aria-level=\"1\"><span style=\"font-weight: 400;\">Lograr la igualdad de g\u00e9nero y empoderar a todas las mujeres y las ni\u00f1as<\/span><\/li>\n<li style=\"font-weight: 400;\" aria-level=\"1\"><span style=\"font-weight: 400;\">Garantizar la disponibilidad y la gesti\u00f3n sostenible del agua y el saneamiento para todos<\/span><\/li>\n<li style=\"font-weight: 400;\" aria-level=\"1\"><span style=\"font-weight: 400;\">Garantizar el acceso a una energ\u00eda asequible, fiable, sostenible y moderna para todos<\/span><\/li>\n<li style=\"font-weight: 400;\" aria-level=\"1\"><span style=\"font-weight: 400;\">Promover el crecimiento econ\u00f3mico sostenido, inclusivo y sostenible, el empleo pleno y productivo y el trabajo decente para todos.<\/span><\/li>\n<li style=\"font-weight: 400;\" aria-level=\"1\"><span style=\"font-weight: 400;\">Construir infraestructuras resilientes, promover la industrializaci\u00f3n inclusiva y sostenible y fomentar la innovaci\u00f3n<\/span><\/li>\n<li style=\"font-weight: 400;\" aria-level=\"1\"><span style=\"font-weight: 400;\">Reducir la desigualdad en los pa\u00edses y entre ellos<\/span><\/li>\n<li style=\"font-weight: 400;\" aria-level=\"1\"><span style=\"font-weight: 400;\">Lograr que las ciudades y los asentamientos humanos sean inclusivos, seguros, resilientes y sostenibles<\/span><\/li>\n<li style=\"font-weight: 400;\" aria-level=\"1\"><span style=\"font-weight: 400;\">Garantizar modalidades de consumo y producci\u00f3n sostenibles<\/span><\/li>\n<li style=\"font-weight: 400;\" aria-level=\"1\"><span style=\"font-weight: 400;\">Adoptar medidas urgentes para combatir el cambio clim\u00e1tico y sus efectos<\/span><\/li>\n<li style=\"font-weight: 400;\" aria-level=\"1\"><span style=\"font-weight: 400;\">Conservar y utilizar sosteniblemente los oc\u00e9anos, los mares y los recursos marinos para el desarrollo sostenible<\/span><\/li>\n<li style=\"font-weight: 400;\" aria-level=\"1\"><span style=\"font-weight: 400;\">\u00a0Proteger, restablecer y promover el uso sostenible de los ecosistemas terrestres, gestionar sosteniblemente los bosques, luchar contra la desertificaci\u00f3n, detener e invertir la degradaci\u00f3n de las tierras y detener la p\u00e9rdida de biodiversidad<\/span><\/li>\n<li style=\"font-weight: 400;\" aria-level=\"1\"><span style=\"font-weight: 400;\">Promover sociedades pac\u00edficas e inclusivas para el desarrollo sostenible, facilitar el acceso a la justicia para todos y construir a todos los niveles instituciones eficaces e inclusivas que rindan cuentas<\/span><\/li>\n<li style=\"font-weight: 400;\" aria-level=\"1\"><span style=\"font-weight: 400;\">\u00a0Fortalecer los medios de implementaci\u00f3n y revitalizar la Alianza Mundial para el Desarrollo Sostenible<\/span><\/li>\n<\/ol>\n\t\t\t\t\t\t\t\t<\/div>\n\t\t\t\t<\/div>\n\t\t\t\t\t<\/div>\n\t\t<\/div>\n\t\t\t\t<div class=\"elementor-column elementor-col-25 elementor-top-column elementor-element elementor-element-dbc6d3f elementor-hidden-tablet elementor-hidden-phone\" data-id=\"dbc6d3f\" data-element_type=\"column\" data-e-type=\"column\">\n\t\t\t<div class=\"elementor-widget-wrap elementor-element-populated\">\n\t\t\t\t\t\t<div class=\"elementor-element elementor-element-dbc71ea elementor-widget elementor-widget-stm_sidebar\" data-id=\"dbc71ea\" data-element_type=\"widget\" data-e-type=\"widget\" data-widget_type=\"stm_sidebar.default\">\n\t\t\t\t<div class=\"elementor-widget-container\">\n\t\t\t\t\t\n<div class=\"stm_sidebar consulting_elementor_sidebar\">\n\n            \t\t<div data-elementor-type=\"wp-post\" data-elementor-id=\"311\" class=\"elementor elementor-311\">\n\t\t\t\t\t\t<section class=\"elementor-section elementor-top-section elementor-element elementor-element-d09570c elementor-section-boxed elementor-section-height-default elementor-section-height-default\" data-id=\"d09570c\" data-element_type=\"section\" data-e-type=\"section\" data-settings=\"{&quot;background_background&quot;:&quot;classic&quot;}\">\n\t\t\t\t\t\t<div class=\"elementor-container elementor-column-gap-default\">\n\t\t\t\t\t<div class=\"elementor-column elementor-col-100 elementor-top-column elementor-element elementor-element-d095bde\" data-id=\"d095bde\" data-element_type=\"column\" data-e-type=\"column\">\n\t\t\t<div class=\"elementor-widget-wrap elementor-element-populated\">\n\t\t\t\t\t\t<div class=\"elementor-element elementor-element-d096868 elementor-align-left elementor-widget elementor-widget-button\" data-id=\"d096868\" data-element_type=\"widget\" data-e-type=\"widget\" data-widget_type=\"button.default\">\n\t\t\t\t<div class=\"elementor-widget-container\">\n\t\t\t\t\t\t\t\t\t<div class=\"elementor-button-wrapper icon_align_  button_block\">\n\t\t\t\t\t<a class=\"elementor-button elementor-button-link elementor-size-lg\" href=\"http:\/\/geccbc.org\/wp-content\/uploads\/2021\/08\/Plan-Estrate\u0301gico-CCBC.pdf\" target=\"_blank\">\n\t\t\t\t\t\t<span class=\"elementor-button-content-wrapper\">\n\t\t\t\t\t\t<span class=\"elementor-button-icon\">\n\t\t\t\t<i aria-hidden=\"true\" class=\"fa fa-file-pdf-o\"><\/i>\t\t\t<\/span>\n\t\t\t\t\t\t\t\t\t<span class=\"elementor-button-text\">DESCARGA PLAN ESTRAT\u00c9GICO<\/span>\n\t\t\t\t\t<\/span>\n\t\t\t\t\t<\/a>\n\t\t\t\t<\/div>\n\t\t\t\t\t\t\t\t<\/div>\n\t\t\t\t<\/div>\n\t\t\t\t\t<\/div>\n\t\t<\/div>\n\t\t\t\t\t<\/div>\n\t\t<\/section>\n\t\t\t\t<section class=\"elementor-section elementor-top-section elementor-element elementor-element-d097479 elementor-section-boxed elementor-section-height-default elementor-section-height-default\" data-id=\"d097479\" data-element_type=\"section\" data-e-type=\"section\" data-settings=\"{&quot;background_background&quot;:&quot;classic&quot;}\">\n\t\t\t\t\t\t<div class=\"elementor-container elementor-column-gap-default\">\n\t\t\t\t\t<div class=\"elementor-column elementor-col-100 elementor-top-column elementor-element elementor-element-d097949\" data-id=\"d097949\" data-element_type=\"column\" data-e-type=\"column\" data-settings=\"{&quot;background_background&quot;:&quot;classic&quot;}\">\n\t\t\t<div class=\"elementor-widget-wrap elementor-element-populated\">\n\t\t\t\t\t\t<div class=\"elementor-element elementor-element-d097d55 elementor-widget elementor-widget-vc_custom_heading\" data-id=\"d097d55\" data-element_type=\"widget\" data-e-type=\"widget\" data-widget_type=\"vc_custom_heading.default\">\n\t\t\t\t<div class=\"elementor-widget-container\">\n\t\t\t\t\t<div class=\" vc_custom_heading  consulting_heading_font  text_align_left title_no_stripe\" ><h4 style=\"font-size: 16px;color: #ffffff;text-align: left;font-weight:100\" class=\"consulting-custom-title\">\u00bfComo podemos ayudarte? \n<\/h4><\/div>\t\t\t\t<\/div>\n\t\t\t\t<\/div>\n\t\t\t\t<div class=\"elementor-element elementor-element-d0982b8 elementor-widget elementor-widget-text-editor\" data-id=\"d0982b8\" data-element_type=\"widget\" data-e-type=\"widget\" data-widget_type=\"text-editor.default\">\n\t\t\t\t<div class=\"elementor-widget-container\">\n\t\t\t\t\t\t\t\t\t<p><span style=\"font-size: 13px; line-height: 22px; color: #ffffff;\">Cont\u00e1ctanos, preguntanos tus dudas o \u00fanete a nuestro movimiento.<\/span><\/p>\n\t\t\t\t\t\t\t\t<\/div>\n\t\t\t\t<\/div>\n\t\t\t\t<div class=\"elementor-element elementor-element-d098586 elementor-widget__width-auto elementor-widget elementor-widget-button\" data-id=\"d098586\" data-element_type=\"widget\" data-e-type=\"widget\" data-widget_type=\"button.default\">\n\t\t\t\t<div class=\"elementor-widget-container\">\n\t\t\t\t\t\t\t\t\t<div class=\"elementor-button-wrapper icon_align_  \">\n\t\t\t\t\t<a class=\"elementor-button elementor-button-link elementor-size-sm\" href=\"http:\/\/geccbc.org\/?page_id=1529\">\n\t\t\t\t\t\t<span class=\"elementor-button-content-wrapper\">\n\t\t\t\t\t\t<span class=\"elementor-button-icon\">\n\t\t\t\t<i aria-hidden=\"true\" class=\"fa fa-phone-square\"><\/i>\t\t\t<\/span>\n\t\t\t\t\t\t\t\t\t<span class=\"elementor-button-text\">Cont\u00e1ctanos<\/span>\n\t\t\t\t\t<\/span>\n\t\t\t\t\t<\/a>\n\t\t\t\t<\/div>\n\t\t\t\t\t\t\t\t<\/div>\n\t\t\t\t<\/div>\n\t\t\t\t\t<\/div>\n\t\t<\/div>\n\t\t\t\t\t<\/div>\n\t\t<\/section>\n\t\t\t\t<section class=\"elementor-section elementor-top-section elementor-element elementor-element-d098f9f elementor-section-boxed elementor-section-height-default elementor-section-height-default\" data-id=\"d098f9f\" data-element_type=\"section\" data-e-type=\"section\">\n\t\t\t\t\t\t<div class=\"elementor-container elementor-column-gap-default\">\n\t\t\t\t\t<div class=\"elementor-column elementor-col-100 elementor-top-column elementor-element elementor-element-d099395\" data-id=\"d099395\" data-element_type=\"column\" data-e-type=\"column\">\n\t\t\t<div class=\"elementor-widget-wrap elementor-element-populated\">\n\t\t\t\t\t\t<div class=\"elementor-element elementor-element-d0996ce elementor-widget elementor-widget-stm_testimonials\" data-id=\"d0996ce\" data-element_type=\"widget\" data-e-type=\"widget\" data-widget_type=\"stm_testimonials.default\">\n\t\t\t\t<div class=\"elementor-widget-container\">\n\t\t\t\t\t\n\n            <div class=\"stm_testimonials consulting_elementor_testimonials style_1\">\n                            <div class=\"item\">\n                    <div class=\"testimonial\"><p>\u201cLos motores econ\u00f3micos de las naciones son las ciudades\u201d<\/p>\n<\/div>\n                    <div class=\"testimonial-info clearfix\">\n                        <div class=\"testimonial-image\"><\/div>\n                        <div class=\"testimonial-text\">\n                            <div class=\"name\">Motores Econ\u00f3micos<\/div>\n                            <div class=\"company\">\n                                Jorge Guzm\u00e1n, CCBC                            <\/div>\n                        <\/div>\n                    <\/div>\n                <\/div>\n                    <\/div>\n    \n\t\t\t\t<\/div>\n\t\t\t\t<\/div>\n\t\t\t\t\t<\/div>\n\t\t<\/div>\n\t\t\t\t\t<\/div>\n\t\t<\/section>\n\t\t\t\t<\/div>\n\t\t    \n<\/div>\t\t\t\t<\/div>\n\t\t\t\t<\/div>\n\t\t\t\t\t<\/div>\n\t\t<\/div>\n\t\t\t\t\t<\/div>\n\t\t<\/section>\n\t\t\t\t<section class=\"elementor-section elementor-top-section elementor-element elementor-element-dbc72b4 third_bg_color elementor-section-boxed elementor-section-height-default elementor-section-height-default\" data-id=\"dbc72b4\" data-element_type=\"section\" data-e-type=\"section\" data-settings=\"{&quot;background_background&quot;:&quot;classic&quot;}\">\n\t\t\t\t\t\t<div class=\"elementor-container elementor-column-gap-default\">\n\t\t\t\t\t<div class=\"elementor-column elementor-col-100 elementor-top-column elementor-element elementor-element-dbc77c2\" data-id=\"dbc77c2\" data-element_type=\"column\" data-e-type=\"column\">\n\t\t\t<div class=\"elementor-widget-wrap elementor-element-populated\">\n\t\t\t\t\t\t<div class=\"elementor-element elementor-element-dbc7be2 elementor-widget elementor-widget-vc_cta\" data-id=\"dbc7be2\" data-element_type=\"widget\" data-e-type=\"widget\" data-widget_type=\"vc_cta.default\">\n\t\t\t\t<div class=\"elementor-widget-container\">\n\t\t\t\t\t\n<div class=\"ce_cta ce_cta_d6c5d03639757ac0c6c480a8f1ef4905 ce_text_left third_bg_color add_button_right btn_align_right btn_button_block_true btn_has_icon btn_has_icon_on_the_right\" id=\"\">\n\n    <div class=\"ce_cta__content\">\n        <div class=\"ce_cta__content__header\">\n            <h2  class='ce_cta__content__title '>\u00a1\u00danete a nuestro movimiento! <\/h2>                    <\/div>\n\n        \n    <\/div>\n\n    \n        <div class=\"ce_cta__action\">\n            <a href=\"#\"\n                              target=\"_self\"\n               class=\"button \">\n                <span>Quiero Unirme<\/span>\n                                    <i class=\"fa fa-chevron-right\"><\/i>\n                            <\/a>\n        <\/div>\n\n    \n<\/div>\n\t\t\t\t<\/div>\n\t\t\t\t<\/div>\n\t\t\t\t\t<\/div>\n\t\t<\/div>\n\t\t\t\t\t<\/div>\n\t\t<\/section>\n\t\t\t\t<\/div>\n\t\t","protected":false},"excerpt":{"rendered":"<p>El pacto mundial y sus Objetivos de Desarrollo Sostenible El Pacto Mundial o tambi\u00e9n llamado Pacto Global fue iniciado por las Naciones Unidas en el a\u00f1o 2000. Se trata de un llamado a las empresas a alinear sus estrategias y operaciones con los Principios universales sobre Derechos Humanos, Est\u00e1ndares Laborales, Medio Ambiente y Anticorrupci\u00f3n, a<\/p>\n","protected":false},"author":1,"featured_media":0,"parent":0,"menu_order":0,"comment_status":"closed","ping_status":"closed","template":"","meta":{"footnotes":""},"class_list":["post-7216","page","type-page","status-publish","hentry"],"_links":{"self":[{"href":"https:\/\/geccbc.org\/index.php?rest_route=\/wp\/v2\/pages\/7216","targetHints":{"allow":["GET"]}}],"collection":[{"href":"https:\/\/geccbc.org\/index.php?rest_route=\/wp\/v2\/pages"}],"about":[{"href":"https:\/\/geccbc.org\/index.php?rest_route=\/wp\/v2\/types\/page"}],"author":[{"embeddable":true,"href":"https:\/\/geccbc.org\/index.php?rest_route=\/wp\/v2\/users\/1"}],"replies":[{"embeddable":true,"href":"https:\/\/geccbc.org\/index.php?rest_route=%2Fwp%2Fv2%2Fcomments&post=7216"}],"version-history":[{"count":10,"href":"https:\/\/geccbc.org\/index.php?rest_route=\/wp\/v2\/pages\/7216\/revisions"}],"predecessor-version":[{"id":7341,"href":"https:\/\/geccbc.org\/index.php?rest_route=\/wp\/v2\/pages\/7216\/revisions\/7341"}],"wp:attachment":[{"href":"https:\/\/geccbc.org\/index.php?rest_route=%2Fwp%2Fv2%2Fmedia&parent=7216"}],"curies":[{"name":"wp","href":"https:\/\/api.w.org\/{rel}","templated":true}]}}